{"id":17,"date":"2020-11-20T10:02:13","date_gmt":"2020-11-20T10:02:13","guid":{"rendered":"https:\/\/association-fsf.org\/?page_id=17"},"modified":"2025-08-11T14:41:40","modified_gmt":"2025-08-11T14:41:40","slug":"startseite","status":"publish","type":"page","link":"https:\/\/association-fsf.org\/","title":{"rendered":"Willkommen!"},"content":{"rendered":"\n<h2 class=\"wp-block-heading\">Wir unterst\u00fctzen Menschen in Kamerun \u2013 Ihre Spende hilft uns dabei!<\/h2>\n\n\n\n<div style=\"height:20px\" aria-hidden=\"true\" class=\"wp-block-spacer\"><\/div>\n\n\n\n<div class=\"wp-block-columns is-layout-flex wp-container-core-columns-is-layout-9d6595d7 wp-block-columns-is-layout-flex\">\n<div class=\"wp-block-column is-layout-flow wp-block-column-is-layout-flow\">\n<figure class=\"wp-block-image size-large\"><a href=\"https:\/\/association-fsf.org\/?page_id=102\"><img loading=\"lazy\" decoding=\"async\" width=\"725\" height=\"1024\" src=\"https:\/\/association-fsf.org\/wp-content\/uploads\/2025\/07\/Foto_Centre_heller-725x1024.jpg\" alt=\"\" class=\"wp-image-362\" srcset=\"https:\/\/association-fsf.org\/wp-content\/uploads\/2025\/07\/Foto_Centre_heller-725x1024.jpg 725w, https:\/\/association-fsf.org\/wp-content\/uploads\/2025\/07\/Foto_Centre_heller-213x300.jpg 213w, https:\/\/association-fsf.org\/wp-content\/uploads\/2025\/07\/Foto_Centre_heller-768x1084.jpg 768w, https:\/\/association-fsf.org\/wp-content\/uploads\/2025\/07\/Foto_Centre_heller-1088x1536.jpg 1088w, https:\/\/association-fsf.org\/wp-content\/uploads\/2025\/07\/Foto_Centre_heller-1451x2048.jpg 1451w, https:\/\/association-fsf.org\/wp-content\/uploads\/2025\/07\/Foto_Centre_heller.jpg 1700w\" sizes=\"auto, (max-width: 725px) 100vw, 725px\" \/><\/a><\/figure>\n\n\n\n<h4 class=\"wp-block-heading\">Centre de Sant\u00e9 Mbambeluh in Ngoundoup<\/h4>\n<\/div>\n\n\n\n<div class=\"wp-block-column is-layout-flow wp-block-column-is-layout-flow\">\n<figure class=\"wp-block-image size-large\"><a href=\"https:\/\/association-fsf.org\/?page_id=298\"><img loading=\"lazy\" decoding=\"async\" width=\"725\" height=\"1024\" src=\"https:\/\/association-fsf.org\/wp-content\/uploads\/2025\/07\/Foto_Douala-725x1024.jpg\" alt=\"\" class=\"wp-image-357\" srcset=\"https:\/\/association-fsf.org\/wp-content\/uploads\/2025\/07\/Foto_Douala-725x1024.jpg 725w, https:\/\/association-fsf.org\/wp-content\/uploads\/2025\/07\/Foto_Douala-213x300.jpg 213w, https:\/\/association-fsf.org\/wp-content\/uploads\/2025\/07\/Foto_Douala-768x1084.jpg 768w, https:\/\/association-fsf.org\/wp-content\/uploads\/2025\/07\/Foto_Douala-1088x1536.jpg 1088w, https:\/\/association-fsf.org\/wp-content\/uploads\/2025\/07\/Foto_Douala-1451x2048.jpg 1451w, https:\/\/association-fsf.org\/wp-content\/uploads\/2025\/07\/Foto_Douala.jpg 1700w\" sizes=\"auto, (max-width: 725px) 100vw, 725px\" \/><\/a><\/figure>\n\n\n\n<h4 class=\"wp-block-heading\">Foyer de Formation in Douala<\/h4>\n<\/div>\n\n\n\n<div class=\"wp-block-column is-layout-flow wp-block-column-is-layout-flow\">\n<figure class=\"wp-block-image size-large\"><a href=\"https:\/\/association-fsf.org\/?page_id=380\"><img loading=\"lazy\" decoding=\"async\" width=\"725\" height=\"1024\" src=\"https:\/\/association-fsf.org\/wp-content\/uploads\/2025\/07\/Foto_Naehatelier-725x1024.jpg\" alt=\"\" class=\"wp-image-359\" srcset=\"https:\/\/association-fsf.org\/wp-content\/uploads\/2025\/07\/Foto_Naehatelier-725x1024.jpg 725w, https:\/\/association-fsf.org\/wp-content\/uploads\/2025\/07\/Foto_Naehatelier-213x300.jpg 213w, https:\/\/association-fsf.org\/wp-content\/uploads\/2025\/07\/Foto_Naehatelier-768x1084.jpg 768w, https:\/\/association-fsf.org\/wp-content\/uploads\/2025\/07\/Foto_Naehatelier-1088x1536.jpg 1088w, https:\/\/association-fsf.org\/wp-content\/uploads\/2025\/07\/Foto_Naehatelier-1451x2048.jpg 1451w, https:\/\/association-fsf.org\/wp-content\/uploads\/2025\/07\/Foto_Naehatelier.jpg 1700w\" sizes=\"auto, (max-width: 725px) 100vw, 725px\" \/><\/a><\/figure>\n\n\n\n<h4 class=\"wp-block-heading\">N\u00e4hatelier in Koutaba<\/h4>\n<\/div>\n<\/div>\n\n\n\n<p class=\"has-text-align-center has-medium-font-size\">Herzlich willkommen beim Verein Association FSF. Wir engagieren uns partnerschaftlich mit dem Bau notwendiger Infrastruktur und Ausbildung \u2013 aktuell in Ngoundoup, Kamerun mit Bau\/Ausbau eines Centre de Sant\u00e9. Seit 2024 bieten wir mobilit\u00e4tseingeschr\u00e4nkten Frauen und M\u00e4nnern in Douala, Kamerun, einen Treffpunkt mit Ausbildungsm\u00f6glichkeiten.<br><br><br>Bei Fragen k\u00f6nnen Sie uns auch per Mail erreichen: <br><a href=\"mailto: info@association-fsf.org\">info(at)association-fsf.org<\/a><\/p>\n\n\n\n<div class=\"wp-block-columns is-layout-flex wp-container-core-columns-is-layout-9d6595d7 wp-block-columns-is-layout-flex\">\n<div class=\"wp-block-column is-layout-flow wp-block-column-is-layout-flow\" style=\"flex-basis:50%\">\n<p class=\"has-cyan-bluish-gray-background-color has-background has-medium-font-size\"><strong>Spendenkonto bei der Valiant Bank Bern:<\/strong><br>CH16 0630 0505 5738 7511 3<br>Association FSF<br>Ferronniers sans fronti\u00e8res<br>3014 Bern<\/p>\n\n\n<div class=\"wp-block-image\">\n<figure class=\"aligncenter size-large\"><img loading=\"lazy\" decoding=\"async\" width=\"1024\" height=\"468\" src=\"https:\/\/association-fsf.org\/wp-content\/uploads\/2025\/08\/TWINT_Individueller-Betrag_DE-1024x468.png\" alt=\"\" class=\"wp-image-407\" srcset=\"https:\/\/association-fsf.org\/wp-content\/uploads\/2025\/08\/TWINT_Individueller-Betrag_DE-1024x468.png 1024w, https:\/\/association-fsf.org\/wp-content\/uploads\/2025\/08\/TWINT_Individueller-Betrag_DE-300x137.png 300w, https:\/\/association-fsf.org\/wp-content\/uploads\/2025\/08\/TWINT_Individueller-Betrag_DE-768x351.png 768w, https:\/\/association-fsf.org\/wp-content\/uploads\/2025\/08\/TWINT_Individueller-Betrag_DE-517x235.png 517w, https:\/\/association-fsf.org\/wp-content\/uploads\/2025\/08\/TWINT_Individueller-Betrag_DE.png 1086w\" sizes=\"auto, (max-width: 1024px) 100vw, 1024px\" \/><\/figure><\/div><\/div>\n\n\n\n<div class=\"wp-block-column is-layout-flow wp-block-column-is-layout-flow\" style=\"flex-basis:50%\">\n<p class=\"has-cyan-bluish-gray-background-color has-background has-medium-font-size\">Einzahlungsschein f\u00fcr Spende <a href=\"https:\/\/association-fsf.org\/wp-content\/uploads\/2022\/06\/QR_Einzahlungsschein_AFSF.pdf\" target=\"_blank\" rel=\"noreferrer noopener\">downloaden<\/a><br><br><br><br><strong>Unser Verein ist steuerbefrei<\/strong>t!<\/p>\n<\/div>\n<\/div>\n\n\n\n<p><a href=\"https:\/\/association-fsf.org\/wp-content\/uploads\/2025\/03\/Jahresbericht_FSF_2024.pdf\" target=\"_blank\" rel=\"noreferrer noopener\">Jahresbericht 2024<\/a><\/p>\n\n\n\n<p><\/p>\n","protected":false},"excerpt":{"rendered":"<p>Wir unterst\u00fctzen Menschen in Kamerun \u2013 Ihre Spende hilft uns dabei! Centre de Sant\u00e9 Mbambeluh in Ngoundoup Foyer de Formation in Douala N\u00e4hatelier in Koutaba Herzlich willkommen beim Verein Association FSF. Wir engagieren uns partnerschaftlich mit dem Bau notwendiger Infrastruktur und Ausbildung \u2013 aktuell in Ngoundoup, Kamerun mit Bau\/Ausbau eines Centre de Sant\u00e9. Seit 2024 [&hellip;]<\/p>\n","protected":false},"author":1,"featured_media":0,"parent":0,"menu_order":0,"comment_status":"closed","ping_status":"closed","template":"","meta":{"footnotes":""},"class_list":["post-17","page","type-page","status-publish","czr-hentry"],"_links":{"self":[{"href":"https:\/\/association-fsf.org\/index.php?rest_route=\/wp\/v2\/pages\/17","targetHints":{"allow":["GET"]}}],"collection":[{"href":"https:\/\/association-fsf.org\/index.php?rest_route=\/wp\/v2\/pages"}],"about":[{"href":"https:\/\/association-fsf.org\/index.php?rest_route=\/wp\/v2\/types\/page"}],"author":[{"embeddable":true,"href":"https:\/\/association-fsf.org\/index.php?rest_route=\/wp\/v2\/users\/1"}],"replies":[{"embeddable":true,"href":"https:\/\/association-fsf.org\/index.php?rest_route=%2Fwp%2Fv2%2Fcomments&post=17"}],"version-history":[{"count":25,"href":"https:\/\/association-fsf.org\/index.php?rest_route=\/wp\/v2\/pages\/17\/revisions"}],"predecessor-version":[{"id":409,"href":"https:\/\/association-fsf.org\/index.php?rest_route=\/wp\/v2\/pages\/17\/revisions\/409"}],"wp:attachment":[{"href":"https:\/\/association-fsf.org\/index.php?rest_route=%2Fwp%2Fv2%2Fmedia&parent=17"}],"curies":[{"name":"wp","href":"https:\/\/api.w.org\/{rel}","templated":true}]}}