{"id":298,"date":"2024-02-14T16:06:53","date_gmt":"2024-02-14T16:06:53","guid":{"rendered":"https:\/\/association-fsf.org\/?page_id=298"},"modified":"2025-08-13T06:52:21","modified_gmt":"2025-08-13T06:52:21","slug":"foyer-de-formation","status":"publish","type":"page","link":"https:\/\/association-fsf.org\/?page_id=298","title":{"rendered":"Foyer de Formation"},"content":{"rendered":"\n<p>Douala ist eine der unattraktivsten, h\u00e4sslichsten St\u00e4dte der Welt: Heiss, dreckig, voller Verkehr, viele verlotterte Bauten, Slums, kaum Infrastruktur. Gerade deshalb ist hier unsere Hilfestellung sehr n\u00f6tig.<\/p>\n\n\n\n<p>Dort hat Daniel B\u00e4umlin vor einem halben Jahr in einer Nebenstrasse eine Gruppe von Fussballern entdeckt \u2013 besondere Fussballer: Sie bewegen sich auf einer Art Skateboard fort, einem Brett mit vier Rollschuh-R\u00e4dern. Denn sie sind behindert und k\u00f6nnen ihre Beine zur Fortbewegung nicht benutzen. Gr\u00fcnde daf\u00fcr sind Infektionen wie Polio, nicht behandelte Diabetes oder Unf\u00e4lle.<br><\/p>\n\n\n\n<figure class=\"wp-block-image size-full\"><img loading=\"lazy\" decoding=\"async\" width=\"1496\" height=\"696\" src=\"https:\/\/association-fsf.org\/wp-content\/uploads\/2024\/02\/Foto_Spiel-1.jpg\" alt=\"Les footballeurs handicap\u00e9s\" class=\"wp-image-289\" srcset=\"https:\/\/association-fsf.org\/wp-content\/uploads\/2024\/02\/Foto_Spiel-1.jpg 1496w, https:\/\/association-fsf.org\/wp-content\/uploads\/2024\/02\/Foto_Spiel-1-300x140.jpg 300w, https:\/\/association-fsf.org\/wp-content\/uploads\/2024\/02\/Foto_Spiel-1-1024x476.jpg 1024w, https:\/\/association-fsf.org\/wp-content\/uploads\/2024\/02\/Foto_Spiel-1-768x357.jpg 768w\" sizes=\"auto, (max-width: 1496px) 100vw, 1496px\" \/><\/figure>\n\n\n\n<p><br>Daniel war wahnsinnig beeindruckt, wie viel Freude sie an den Tag legten \u2013 trotz ihrer Behinderung. Am Sonntag treffen sie sich jeweils zum Fussballspielen in der Innenstadt: Hier hat es eine geteerte Strasse und sonntags wenig Verkehr. Unter der Woche verkaufen sie am Strassenrand Simcards, Taschent\u00fccher und putzen Schuhe. Ihr Leben ist extrem hart, ihr Einkommen tief: Viele Leute kaufen keine Waren bei Menschen mit Behinderungen. Sie haben Angst, die Invalidit\u00e4t k\u00f6nnte sich vom Verk\u00e4ufer auf sie \u00fcbertragen.<\/p>\n\n\n\n<p>Wir haben beschlossen, diesen Menschen zu helfen und sie in verschiedenen Bereichen auszubilden, damit sie bessere M\u00f6glichkeiten haben, sich selbst\u00e4ndig ihr Leben zu verdienen.<\/p>\n\n\n\n<p>Nach zwei Aufenthalten in Kamerun und einer m\u00fchsamen Suche haben wir endlich einen Raum zur Miete gefunden: ein Haus mit drei Zimmern und einem kleinen Innenhof. Mithilfe von Locals haben wir auch Frauen gefunden, die mit einer Behinderung leben. Diese Frauen zu treffen, war ein sehr bewegender Moment. Sie zeigten grosse Freude, dass sich \u00fcberhaupt jemals \u00adjemand f\u00fcr sie interessiert und sich f\u00fcr sie einsetzen will.<\/p>\n\n\n\n<figure class=\"wp-block-image size-full\"><img loading=\"lazy\" decoding=\"async\" width=\"2000\" height=\"1082\" src=\"https:\/\/association-fsf.org\/wp-content\/uploads\/2024\/02\/Foto_mit_allen.jpg\" alt=\"Les visiteurs du foyer\" class=\"wp-image-290\" srcset=\"https:\/\/association-fsf.org\/wp-content\/uploads\/2024\/02\/Foto_mit_allen.jpg 2000w, https:\/\/association-fsf.org\/wp-content\/uploads\/2024\/02\/Foto_mit_allen-300x162.jpg 300w, https:\/\/association-fsf.org\/wp-content\/uploads\/2024\/02\/Foto_mit_allen-1024x554.jpg 1024w, https:\/\/association-fsf.org\/wp-content\/uploads\/2024\/02\/Foto_mit_allen-768x415.jpg 768w, https:\/\/association-fsf.org\/wp-content\/uploads\/2024\/02\/Foto_mit_allen-1536x831.jpg 1536w\" sizes=\"auto, (max-width: 2000px) 100vw, 2000px\" \/><\/figure>\n\n\n\n<p>Das Foyer de Formation befindet sich im Quartier Bonapriso in der N\u00e4he von Newbelle, einem Armenviertel, wo die meisten der Frauen und M\u00e4nner mit Behinderung leben. Am Montag, 29. Januar 2024 hat der Unterricht im Foyer de Formation bereits begonnen. Im Moment nehmen 15 M\u00e4nner und 10 Frauen an den Ausbildungen teil. Die M\u00e4nner haben den Wunsch ge\u00e4ussert, dass sie\u00ad \u00adlernen wollen, Schuhe zu machen, die Frauen wollten N\u00e4hunterricht.<\/p>\n\n\n\n<p>Wir haben die N\u00e4herin Grace, die auch Ausbildnerin in einer Berufsschule ist, angestellt. Sie gibt den Frauen an zwei Morgen N\u00e4hunterricht, am Nachmittag lehrt sie ihnen zusammen mit dem Dolmetscher Sani, auch ein Mensch mit einer Beeintr\u00e4chtigung, Franz\u00f6sisch. Denn die meisten Frauen sind aus dem Norden gefl\u00fcchtet, sie haben keine Schulbildung und sprechen nur die lokale Sprache des Nordens: Haussa. Es sind nur zwei Tage Ausbildung, weil die Frauen ansonsten zuhause den Haushalt bestellen m\u00fcssen.<\/p>\n\n\n\n<div class=\"wp-block-columns is-layout-flex wp-container-core-columns-is-layout-9d6595d7 wp-block-columns-is-layout-flex\">\n<div class=\"wp-block-column is-layout-flow wp-block-column-is-layout-flow\">\n<p>Wir haben die N\u00e4herin Grace, die auch Ausbildnerin in einer Berufsschule ist, angestellt. Sie gibt den Frauen an zwei Morgen N\u00e4hunterricht, am Nachmittag lehrt sie ihnen zusammen mit dem Dolmetscher Sani, auch ein Mensch mit einer Beeintr\u00e4chtigung, Franz\u00f6sisch. Denn die meisten Frauen sind aus dem Norden gefl\u00fcchtet, sie haben keine Schulbildung und sprechen nur die lokale Sprache des Nordens: Haussa. Es sind nur zwei Tage Ausbildung, weil die Frauen ansonsten zuhause den Haushalt bestellen m\u00fcssen.<\/p>\n<\/div>\n\n\n\n<div class=\"wp-block-column is-layout-flow wp-block-column-is-layout-flow\">\n<figure class=\"wp-block-image size-full\"><img loading=\"lazy\" decoding=\"async\" width=\"1000\" height=\"800\" src=\"https:\/\/association-fsf.org\/wp-content\/uploads\/2025\/08\/Unterricht_Frauen.jpg\" alt=\"\" class=\"wp-image-410\" srcset=\"https:\/\/association-fsf.org\/wp-content\/uploads\/2025\/08\/Unterricht_Frauen.jpg 1000w, https:\/\/association-fsf.org\/wp-content\/uploads\/2025\/08\/Unterricht_Frauen-300x240.jpg 300w, https:\/\/association-fsf.org\/wp-content\/uploads\/2025\/08\/Unterricht_Frauen-768x614.jpg 768w\" sizes=\"auto, (max-width: 1000px) 100vw, 1000px\" \/><\/figure>\n<\/div>\n<\/div>\n\n\n\n<div class=\"wp-block-columns is-layout-flex wp-container-core-columns-is-layout-9d6595d7 wp-block-columns-is-layout-flex\">\n<div class=\"wp-block-column is-layout-flow wp-block-column-is-layout-flow\">\n<p>Moussa, unser Schuhmacher aus Mali lehrt den M\u00e4nnern das Schuh\u00admacherhandwerk. Er zeigt ihnen auch, wie sie Ledersch\u00fctze her\u00adstellen, mit denen sie ihre durch die Invalidit\u00e4t stark beanspruchten K\u00f6rperteile sch\u00fctzen k\u00f6nnen.<\/p>\n<\/div>\n\n\n\n<div class=\"wp-block-column is-layout-flow wp-block-column-is-layout-flow\">\n<figure class=\"wp-block-image size-full\"><img loading=\"lazy\" decoding=\"async\" width=\"1000\" height=\"800\" src=\"https:\/\/association-fsf.org\/wp-content\/uploads\/2025\/08\/Leder_bearbeiten_1.jpg\" alt=\"\" class=\"wp-image-411\" srcset=\"https:\/\/association-fsf.org\/wp-content\/uploads\/2025\/08\/Leder_bearbeiten_1.jpg 1000w, https:\/\/association-fsf.org\/wp-content\/uploads\/2025\/08\/Leder_bearbeiten_1-300x240.jpg 300w, https:\/\/association-fsf.org\/wp-content\/uploads\/2025\/08\/Leder_bearbeiten_1-768x614.jpg 768w\" sizes=\"auto, (max-width: 1000px) 100vw, 1000px\" \/><\/figure>\n<\/div>\n<\/div>\n\n\n\n<p>Omar, unser Projektleiter aus \u00adKoutaba, bietet den Frauen und M\u00e4nnern w\u00e4hrend zwei Tagen \u00adindividuelle Kurse in Computer\u00adanwendung an. Zudem kommt einmal pro Monat eine Krankenschwester aus unserem Centre de Sant\u00e9 in Koutaba nach Douala ins Foyer de Formation. Sie untersucht die Kursteilnehmenden und ihre Kinder auf Krankheiten und Infek\u00adtionen und behandelt sie. Sie leistet auch Pr\u00e4ventionsarbeit in Bereich \u00adsexuell \u00fcbertragbare Krankheiten. Wir bezahlen den Kursteilnehmenden den Transport von ihrem Zuhause ins Foyer de Formation.<\/p>\n\n\n\n<p>Das ist nur der Anfang. Wir werden weitere Berufsausbildungen anbieten. Mittlerweile wurde auch ein Metallbauatelier eingerichtet, wo Interessierte Schweissen und die Metallbearbeitung erlernen. Ziel ist es, im Atelier haupts\u00e4chlich Spezialanfertigungen und Hilfsmittel f\u00fcr Menschen mit Beeintr\u00e4chtigungen zu entwickeln und zu fertigen. So sollen die Beteiligten selbst Reparaturen an ihren Fahrr\u00e4dern und auch sonst Reparaturen selbst vornehmen und auch f\u00fcr andere anbieten k\u00f6nnen. <\/p>\n\n\n\n<div class=\"wp-block-columns is-layout-flex wp-container-core-columns-is-layout-9d6595d7 wp-block-columns-is-layout-flex\">\n<div class=\"wp-block-column is-layout-flow wp-block-column-is-layout-flow\">\n<figure class=\"wp-block-image size-full\"><img loading=\"lazy\" decoding=\"async\" width=\"1000\" height=\"800\" src=\"https:\/\/association-fsf.org\/wp-content\/uploads\/2025\/08\/Schweissen_1.jpg\" alt=\"\" class=\"wp-image-414\" srcset=\"https:\/\/association-fsf.org\/wp-content\/uploads\/2025\/08\/Schweissen_1.jpg 1000w, https:\/\/association-fsf.org\/wp-content\/uploads\/2025\/08\/Schweissen_1-300x240.jpg 300w, https:\/\/association-fsf.org\/wp-content\/uploads\/2025\/08\/Schweissen_1-768x614.jpg 768w\" sizes=\"auto, (max-width: 1000px) 100vw, 1000px\" \/><\/figure>\n<\/div>\n\n\n\n<div class=\"wp-block-column is-layout-flow wp-block-column-is-layout-flow\">\n<figure class=\"wp-block-image size-full\"><img loading=\"lazy\" decoding=\"async\" width=\"1000\" height=\"800\" src=\"https:\/\/association-fsf.org\/wp-content\/uploads\/2025\/08\/Schweissen_2.jpg\" alt=\"\" class=\"wp-image-412\" srcset=\"https:\/\/association-fsf.org\/wp-content\/uploads\/2025\/08\/Schweissen_2.jpg 1000w, https:\/\/association-fsf.org\/wp-content\/uploads\/2025\/08\/Schweissen_2-300x240.jpg 300w, https:\/\/association-fsf.org\/wp-content\/uploads\/2025\/08\/Schweissen_2-768x614.jpg 768w\" sizes=\"auto, (max-width: 1000px) 100vw, 1000px\" \/><\/figure>\n<\/div>\n<\/div>\n\n\n\n<p>Wir sind sicher, dass wir mit dem Foyer de Formation eine wichtige und nachhaltige Hilfestellung bieten.<\/p>\n","protected":false},"excerpt":{"rendered":"<p>Douala ist eine der unattraktivsten, h\u00e4sslichsten St\u00e4dte der Welt: Heiss, dreckig, voller Verkehr, viele verlotterte Bauten, Slums, kaum Infrastruktur. Gerade deshalb ist hier unsere Hilfestellung sehr n\u00f6tig. Dort hat Daniel B\u00e4umlin vor einem halben Jahr in einer Nebenstrasse eine Gruppe von Fussballern entdeckt \u2013 besondere Fussballer: Sie bewegen sich auf einer Art Skateboard fort, einem [&hellip;]<\/p>\n","protected":false},"author":1,"featured_media":0,"parent":0,"menu_order":0,"comment_status":"closed","ping_status":"closed","template":"","meta":{"footnotes":""},"class_list":["post-298","page","type-page","status-publish","czr-hentry"],"_links":{"self":[{"href":"https:\/\/association-fsf.org\/index.php?rest_route=\/wp\/v2\/pages\/298","targetHints":{"allow":["GET"]}}],"collection":[{"href":"https:\/\/association-fsf.org\/index.php?rest_route=\/wp\/v2\/pages"}],"about":[{"href":"https:\/\/association-fsf.org\/index.php?rest_route=\/wp\/v2\/types\/page"}],"author":[{"embeddable":true,"href":"https:\/\/association-fsf.org\/index.php?rest_route=\/wp\/v2\/users\/1"}],"replies":[{"embeddable":true,"href":"https:\/\/association-fsf.org\/index.php?rest_route=%2Fwp%2Fv2%2Fcomments&post=298"}],"version-history":[{"count":4,"href":"https:\/\/association-fsf.org\/index.php?rest_route=\/wp\/v2\/pages\/298\/revisions"}],"predecessor-version":[{"id":416,"href":"https:\/\/association-fsf.org\/index.php?rest_route=\/wp\/v2\/pages\/298\/revisions\/416"}],"wp:attachment":[{"href":"https:\/\/association-fsf.org\/index.php?rest_route=%2Fwp%2Fv2%2Fmedia&parent=298"}],"curies":[{"name":"wp","href":"https:\/\/api.w.org\/{rel}","templated":true}]}}