{"id":54,"date":"2020-11-30T15:57:29","date_gmt":"2020-11-30T15:57:29","guid":{"rendered":"https:\/\/association-fsf.org\/?page_id=54"},"modified":"2020-12-02T19:54:26","modified_gmt":"2020-12-02T19:54:26","slug":"geschichte","status":"publish","type":"page","link":"https:\/\/association-fsf.org\/?page_id=54","title":{"rendered":"Geschichte"},"content":{"rendered":"\n<figure class=\"wp-block-image size-full\"><img loading=\"lazy\" decoding=\"async\" width=\"2560\" height=\"1438\" src=\"https:\/\/association-fsf.org\/wp-content\/uploads\/2020\/12\/persones_1-edited-scaled.jpg\" alt=\"\" class=\"wp-image-90\" srcset=\"https:\/\/association-fsf.org\/wp-content\/uploads\/2020\/12\/persones_1-edited-scaled.jpg 2560w, https:\/\/association-fsf.org\/wp-content\/uploads\/2020\/12\/persones_1-edited-300x169.jpg 300w, https:\/\/association-fsf.org\/wp-content\/uploads\/2020\/12\/persones_1-edited-1024x575.jpg 1024w, https:\/\/association-fsf.org\/wp-content\/uploads\/2020\/12\/persones_1-edited-768x432.jpg 768w, https:\/\/association-fsf.org\/wp-content\/uploads\/2020\/12\/persones_1-edited-1536x863.jpg 1536w, https:\/\/association-fsf.org\/wp-content\/uploads\/2020\/12\/persones_1-edited-2048x1151.jpg 2048w, https:\/\/association-fsf.org\/wp-content\/uploads\/2020\/12\/persones_1-edited-1110x624.jpg 1110w, https:\/\/association-fsf.org\/wp-content\/uploads\/2020\/12\/persones_1-edited-528x297.jpg 528w\" sizes=\"auto, (max-width: 2560px) 100vw, 2560px\" \/><\/figure>\n\n\n\n<h2 class=\"wp-block-heading\">Wie alles begann<\/h2>\n\n\n\n<p>Ende 2016 h\u00f6rten wir \u00fcber ein Bekanntschaft von der prek\u00e4ren Situation im Dorf Ngoundoup im Westen Kameruns: <\/p>\n\n\n\n<p>Die 4000 Bewohner und Bewohnerinnen des weitl\u00e4ufigen Dorfes hatten gravierende gesundheitliche Probleme. Im M\u00e4rz 2017 besuchten wir Ngoundoup und sahen die Missst\u00e4nde selber. Es gab kein sauberes Wasser und die medizinische Versorgung war korrupt, mangelhaft und nicht f\u00fcr alle zug\u00e4nglich. Infektionskrankheiten, vor allem Typhus und Malaria blieben unbehandelt oder durch Selbstmedikation oft noch verschlimmert. Selbst einfache Verletzungen endeten oft t\u00f6dlich. Jahr f\u00fcr Jahr starben Kinder. Rasch war klar, zuallererst brauchte es Trinkwasser \u2013 also haben wir drei Tiefbrunnen gebaut. Die Initiative f\u00fcr den Bau \u00fcbernahm Daniel B\u00e4umlin, er wurde von zwei Schweizer Kollegen, von Omar Kouanga und der Dorfgemeinschaft tatkr\u00e4ftig unterst\u00fctzt. Ein Teil des Dorfes hat nun Zugang zu sauberem Wasser. Damit die gesamte Bev\u00f6lkerung versorgt werden kann, wollen wir weitere Brunnen bauen. Mit dem Bau der Tiefbrunnen war der Grundstein f\u00fcr das Partnerschaftsprojekt Ngoundoup gelegt. Mit Omar Kouanga lernten wir einen \u00e4usserst motivierten und engagierten Projektleiter vor Ort kennen. Er \u00f6ffnet wo n\u00f6tig die T\u00fcren, organisiert, packt an und erkl\u00e4rt uns, was wir nicht verstehen.<\/p>\n\n\n\n<p>Der dritte Brunnen steht \u00fcbrigens vor der Krankenstation, einer weiteren wichtigen Etappe unseres Partnerschaftsprojekts.<\/p>\n\n\n\n<figure class=\"wp-block-image size-full\"><img loading=\"lazy\" decoding=\"async\" width=\"1430\" height=\"805\" src=\"https:\/\/association-fsf.org\/wp-content\/uploads\/2020\/12\/dorfbewohner_beim_brunnen-edited.jpg\" alt=\"\" class=\"wp-image-89\" srcset=\"https:\/\/association-fsf.org\/wp-content\/uploads\/2020\/12\/dorfbewohner_beim_brunnen-edited.jpg 1430w, https:\/\/association-fsf.org\/wp-content\/uploads\/2020\/12\/dorfbewohner_beim_brunnen-edited-300x169.jpg 300w, https:\/\/association-fsf.org\/wp-content\/uploads\/2020\/12\/dorfbewohner_beim_brunnen-edited-1024x576.jpg 1024w, https:\/\/association-fsf.org\/wp-content\/uploads\/2020\/12\/dorfbewohner_beim_brunnen-edited-768x432.jpg 768w, https:\/\/association-fsf.org\/wp-content\/uploads\/2020\/12\/dorfbewohner_beim_brunnen-edited-1110x624.jpg 1110w, https:\/\/association-fsf.org\/wp-content\/uploads\/2020\/12\/dorfbewohner_beim_brunnen-edited-528x297.jpg 528w\" sizes=\"auto, (max-width: 1430px) 100vw, 1430px\" \/><figcaption>Bei der Einweihung eines Brunnens<\/figcaption><\/figure>\n\n\n\n<h2 class=\"wp-block-heading\">Die Krankenstation<\/h2>\n\n\n\n<p>Im Herbst 2017 begannen wir mit dem Bau einer einfachen Krankenstation f\u00fcr Erste Hilfe, medizinische Grundversorgung, Geburtshilfe und Wundbehandlung. Ein Betonskelett wurde mit traditionell hergestellten Lehmbacksteinen ausgemauert, die Decken sind aus geflochtenem Schilf. Das Dach jedoch fliegt auf einer filigranen Stahlkonstruktion \u00fcber dem Geb\u00e4ude, was f\u00fcr ein angenehmes Raumklima sorgt. In einem Schiffscontainer wurden Einrichtungsgegenst\u00e4nde (z.B. ein Geb\u00e4rbett) und andere Hilfsg\u00fcter nach Ngoundoup gebracht. Ende 2018 waren die Bauarbeiten abgeschlossen. Die Krankenstation, das Centre de Sant\u00e9 \u00abMbambeluh\u00bb, konnte nach z\u00e4hem Ringen mit den Beh\u00f6rden schliesslich im Mai 2019 er\u00f6ffnet werden. Suzanne Lanker \u2013 freischaffende Hebamme \u2013 k\u00e4mpfte im Fru\u0308hling 2019 drei Monate lang mit den Beh\u00f6rden, richtete das Centre ein, erarbeitete Standards und Leitbilder, bildete lokales Personal aus, organisierte medizinische Hilfsmittel und Medikamente und motivierte nebenbei die Dorfbev\u00f6lkerung zu besserer Hygiene. Ihre Erfahrungen hat Suzanne in einem <a rel=\"noreferrer noopener\" href=\"https:\/\/association-fsf.org\/?page_id=115\" target=\"_blank\">Blog<\/a> festgehalten.<\/p>\n\n\n\n<div class=\"wp-block-columns is-layout-flex wp-container-core-columns-is-layout-9d6595d7 wp-block-columns-is-layout-flex\">\n<div class=\"wp-block-column is-layout-flow wp-block-column-is-layout-flow\">\n<figure class=\"wp-block-image size-large\"><img loading=\"lazy\" decoding=\"async\" width=\"1024\" height=\"768\" src=\"https:\/\/association-fsf.org\/wp-content\/uploads\/2020\/11\/betontraeger-1024x768.jpg\" alt=\"\" class=\"wp-image-58\" srcset=\"https:\/\/association-fsf.org\/wp-content\/uploads\/2020\/11\/betontraeger-1024x768.jpg 1024w, https:\/\/association-fsf.org\/wp-content\/uploads\/2020\/11\/betontraeger-300x225.jpg 300w, https:\/\/association-fsf.org\/wp-content\/uploads\/2020\/11\/betontraeger-768x576.jpg 768w, https:\/\/association-fsf.org\/wp-content\/uploads\/2020\/11\/betontraeger-1536x1152.jpg 1536w, https:\/\/association-fsf.org\/wp-content\/uploads\/2020\/11\/betontraeger-2048x1536.jpg 2048w\" sizes=\"auto, (max-width: 1024px) 100vw, 1024px\" \/><figcaption>Montage der Betontr\u00e4ger<\/figcaption><\/figure>\n\n\n\n<figure class=\"wp-block-image size-large\"><img loading=\"lazy\" decoding=\"async\" width=\"1024\" height=\"768\" src=\"https:\/\/association-fsf.org\/wp-content\/uploads\/2020\/11\/rohbau-1024x768.jpg\" alt=\"\" class=\"wp-image-59\" srcset=\"https:\/\/association-fsf.org\/wp-content\/uploads\/2020\/11\/rohbau-1024x768.jpg 1024w, https:\/\/association-fsf.org\/wp-content\/uploads\/2020\/11\/rohbau-300x225.jpg 300w, https:\/\/association-fsf.org\/wp-content\/uploads\/2020\/11\/rohbau-768x576.jpg 768w, https:\/\/association-fsf.org\/wp-content\/uploads\/2020\/11\/rohbau.jpg 1417w\" sizes=\"auto, (max-width: 1024px) 100vw, 1024px\" \/><figcaption>Rohbau<\/figcaption><\/figure>\n<\/div>\n\n\n\n<div class=\"wp-block-column is-layout-flow wp-block-column-is-layout-flow\">\n<figure class=\"wp-block-image size-large\"><img loading=\"lazy\" decoding=\"async\" width=\"959\" height=\"1437\" src=\"https:\/\/association-fsf.org\/wp-content\/uploads\/2020\/12\/feinarbeiten_am_bau-edited-1.jpg\" alt=\"\" class=\"wp-image-91\" srcset=\"https:\/\/association-fsf.org\/wp-content\/uploads\/2020\/12\/feinarbeiten_am_bau-edited-1.jpg 959w, https:\/\/association-fsf.org\/wp-content\/uploads\/2020\/12\/feinarbeiten_am_bau-edited-1-200x300.jpg 200w, https:\/\/association-fsf.org\/wp-content\/uploads\/2020\/12\/feinarbeiten_am_bau-edited-1-683x1024.jpg 683w, https:\/\/association-fsf.org\/wp-content\/uploads\/2020\/12\/feinarbeiten_am_bau-edited-1-768x1151.jpg 768w\" sizes=\"auto, (max-width: 959px) 100vw, 959px\" \/><figcaption>Feinarbeiten am Bau<\/figcaption><\/figure>\n<\/div>\n<\/div>\n\n\n\n<p><\/p>\n\n\n\n<p>Das Centre de Sant\u00e9 \u00abMbambeluh\u00bb \u2013 insbesondere auch die Geburtsabteilung \u2013 l\u00e4uft mittlerweile ausgezeichnet. Das Team ist gut eingearbeitet. Seit 2020 darf das Centre Impfkampagnen durchf\u00fchren. Allerdings ist klar, dass das Centre nicht selbsttragend sein wird. Trotz der wachsenden Zahl an Patientinnen und Patienten k\u00f6nnen mit den Einnahmen keine gerechten L\u00f6hne bezahlt werden, weshalb wir diese weiterhin mitfinanzieren m\u00fcssen. Aber wir k\u00f6nnen Personen einen Zugang zu medizinischer Hilfe verschaffen, die sich eine Behandlung in den \u2013 oftmals hygienisch zweifelhaften \u2013 staatlichen Gesundheitszentren nicht leisten k\u00f6nnen.<\/p>\n\n\n\n<div class=\"wp-block-columns is-layout-flex wp-container-core-columns-is-layout-9d6595d7 wp-block-columns-is-layout-flex\">\n<div class=\"wp-block-column is-layout-flow wp-block-column-is-layout-flow\">\n<figure class=\"wp-block-image size-large\"><img loading=\"lazy\" decoding=\"async\" width=\"768\" height=\"1024\" src=\"https:\/\/association-fsf.org\/wp-content\/uploads\/2020\/11\/frauen_im_centre-768x1024.jpg\" alt=\"\" class=\"wp-image-63\" srcset=\"https:\/\/association-fsf.org\/wp-content\/uploads\/2020\/11\/frauen_im_centre-768x1024.jpg 768w, https:\/\/association-fsf.org\/wp-content\/uploads\/2020\/11\/frauen_im_centre-225x300.jpg 225w, https:\/\/association-fsf.org\/wp-content\/uploads\/2020\/11\/frauen_im_centre-1152x1536.jpg 1152w, https:\/\/association-fsf.org\/wp-content\/uploads\/2020\/11\/frauen_im_centre-1536x2048.jpg 1536w, https:\/\/association-fsf.org\/wp-content\/uploads\/2020\/11\/frauen_im_centre-scaled.jpg 1920w\" sizes=\"auto, (max-width: 768px) 100vw, 768px\" \/><\/figure>\n<\/div>\n\n\n\n<div class=\"wp-block-column is-layout-flow wp-block-column-is-layout-flow\">\n<figure class=\"wp-block-image size-large\"><img loading=\"lazy\" decoding=\"async\" width=\"768\" height=\"1024\" src=\"https:\/\/association-fsf.org\/wp-content\/uploads\/2020\/11\/frau_im_centre_am_essen-768x1024.jpg\" alt=\"\" class=\"wp-image-60\" srcset=\"https:\/\/association-fsf.org\/wp-content\/uploads\/2020\/11\/frau_im_centre_am_essen-768x1024.jpg 768w, https:\/\/association-fsf.org\/wp-content\/uploads\/2020\/11\/frau_im_centre_am_essen-225x300.jpg 225w, https:\/\/association-fsf.org\/wp-content\/uploads\/2020\/11\/frau_im_centre_am_essen-1152x1536.jpg 1152w, https:\/\/association-fsf.org\/wp-content\/uploads\/2020\/11\/frau_im_centre_am_essen-1536x2048.jpg 1536w, https:\/\/association-fsf.org\/wp-content\/uploads\/2020\/11\/frau_im_centre_am_essen-scaled.jpg 1920w\" sizes=\"auto, (max-width: 768px) 100vw, 768px\" \/><\/figure>\n<\/div>\n<\/div>\n\n\n\n<h2 class=\"wp-block-heading\">Vielf\u00e4ltige Kleinprojekte<\/h2>\n\n\n\n<p>Rund um das Brunnen- und Krankenstationsprojekt entstanden weitere Initiativen, teils aus der Bev\u00f6lkerung selbst, teils mit unserer Mithilfe.<\/p>\n\n\n\n<div class=\"wp-block-columns is-layout-flex wp-container-core-columns-is-layout-9d6595d7 wp-block-columns-is-layout-flex\">\n<div class=\"wp-block-column is-layout-flow wp-block-column-is-layout-flow\">\n<figure class=\"wp-block-image size-full\"><img loading=\"lazy\" decoding=\"async\" width=\"1920\" height=\"2560\" src=\"https:\/\/association-fsf.org\/wp-content\/uploads\/2020\/11\/naehatelier-scaled.jpg\" alt=\"\" class=\"wp-image-64\" srcset=\"https:\/\/association-fsf.org\/wp-content\/uploads\/2020\/11\/naehatelier-scaled.jpg 1920w, https:\/\/association-fsf.org\/wp-content\/uploads\/2020\/11\/naehatelier-225x300.jpg 225w, https:\/\/association-fsf.org\/wp-content\/uploads\/2020\/11\/naehatelier-768x1024.jpg 768w, https:\/\/association-fsf.org\/wp-content\/uploads\/2020\/11\/naehatelier-1152x1536.jpg 1152w, https:\/\/association-fsf.org\/wp-content\/uploads\/2020\/11\/naehatelier-1536x2048.jpg 1536w\" sizes=\"auto, (max-width: 1920px) 100vw, 1920px\" \/><\/figure>\n<\/div>\n\n\n\n<div class=\"wp-block-column is-layout-flow wp-block-column-is-layout-flow\">\n<p>Das <strong>Atelier de Couture<\/strong> entstand auf Initiative von Frauen aus Ngoundoup, die sich in einem Kollektiv zusammengetan haben. Ihr Ziel ist, dass junge Frauen n\u00e4hen lernen und so Eigenst\u00e4ndigkeit und Selbstsicherheit gewinnen. Angeleitet werden sie von ausgebildeten Schneiderinnen, die wie sie aus Ngoundoup stammen. W\u00e4hrend des Lockdowns im Fr\u00fchjahr 2020 stellte das Kollektiv seine Produktion flugs auf die Herstellung von Masken um.<\/p>\n<\/div>\n<\/div>\n\n\n\n<div class=\"wp-block-columns is-layout-flex wp-container-core-columns-is-layout-9d6595d7 wp-block-columns-is-layout-flex\">\n<div class=\"wp-block-column is-layout-flow wp-block-column-is-layout-flow\">\n<figure class=\"wp-block-image size-full\"><img loading=\"lazy\" decoding=\"async\" width=\"800\" height=\"1282\" src=\"https:\/\/association-fsf.org\/wp-content\/uploads\/2020\/12\/schaukel-edited.jpg\" alt=\"\" class=\"wp-image-93\" srcset=\"https:\/\/association-fsf.org\/wp-content\/uploads\/2020\/12\/schaukel-edited.jpg 800w, https:\/\/association-fsf.org\/wp-content\/uploads\/2020\/12\/schaukel-edited-187x300.jpg 187w, https:\/\/association-fsf.org\/wp-content\/uploads\/2020\/12\/schaukel-edited-639x1024.jpg 639w, https:\/\/association-fsf.org\/wp-content\/uploads\/2020\/12\/schaukel-edited-768x1231.jpg 768w\" sizes=\"auto, (max-width: 800px) 100vw, 800px\" \/><\/figure>\n<\/div>\n\n\n\n<div class=\"wp-block-column is-layout-flow wp-block-column-is-layout-flow\">\n<p>Die <strong>Riesenschaukel<\/strong> vor der Krankenstation \u2013 errichtet aus den Stahlresten der Dachkonstruktion \u2013 schenkt Lebensfreude pur. Dar\u00fcber hinaus hat sie den Platz am Dorfeingang im Nu zum belebten Treffpunkt f\u00fcr jung und alt gemacht.<\/p>\n<\/div>\n<\/div>\n\n\n\n<p>Mit den nun geplanten <strong>Handwerkskursen<\/strong> f\u00fcr Kleinbetriebe k\u00f6nnen die Handwerker ihr handwerkliches Geschick verbessern und neue einfache Techniken dazulernen.<\/p>\n","protected":false},"excerpt":{"rendered":"<p>Wie alles begann Ende 2016 h\u00f6rten wir \u00fcber ein Bekanntschaft von der prek\u00e4ren Situation im Dorf Ngoundoup im Westen Kameruns: Die 4000 Bewohner und Bewohnerinnen des weitl\u00e4ufigen Dorfes hatten gravierende gesundheitliche Probleme. Im M\u00e4rz 2017 besuchten wir Ngoundoup und sahen die Missst\u00e4nde selber. Es gab kein sauberes Wasser und die medizinische Versorgung war korrupt, mangelhaft [&hellip;]<\/p>\n","protected":false},"author":1,"featured_media":0,"parent":0,"menu_order":0,"comment_status":"closed","ping_status":"closed","template":"","meta":{"footnotes":""},"class_list":["post-54","page","type-page","status-publish","czr-hentry"],"_links":{"self":[{"href":"https:\/\/association-fsf.org\/index.php?rest_route=\/wp\/v2\/pages\/54","targetHints":{"allow":["GET"]}}],"collection":[{"href":"https:\/\/association-fsf.org\/index.php?rest_route=\/wp\/v2\/pages"}],"about":[{"href":"https:\/\/association-fsf.org\/index.php?rest_route=\/wp\/v2\/types\/page"}],"author":[{"embeddable":true,"href":"https:\/\/association-fsf.org\/index.php?rest_route=\/wp\/v2\/users\/1"}],"replies":[{"embeddable":true,"href":"https:\/\/association-fsf.org\/index.php?rest_route=%2Fwp%2Fv2%2Fcomments&post=54"}],"version-history":[{"count":14,"href":"https:\/\/association-fsf.org\/index.php?rest_route=\/wp\/v2\/pages\/54\/revisions"}],"predecessor-version":[{"id":120,"href":"https:\/\/association-fsf.org\/index.php?rest_route=\/wp\/v2\/pages\/54\/revisions\/120"}],"wp:attachment":[{"href":"https:\/\/association-fsf.org\/index.php?rest_route=%2Fwp%2Fv2%2Fmedia&parent=54"}],"curies":[{"name":"wp","href":"https:\/\/api.w.org\/{rel}","templated":true}]}}